{"id":218,"date":"2026-01-29T11:21:00","date_gmt":"2026-01-29T10:21:00","guid":{"rendered":"https:\/\/clearcom.pl\/polityka-prywatnosci-i-cookies\/"},"modified":"2026-02-10T23:15:34","modified_gmt":"2026-02-10T22:15:34","slug":"privacy-policy-i-cookies","status":"publish","type":"page","link":"https:\/\/clearcom.pl\/en\/privacy-policy-i-cookies\/","title":{"rendered":"Privacy policy i Cookies"},"content":{"rendered":"\n<p>Strona internetowa www.clearcom.pl nale\u017cy do sp\u00f3\u0142ki Clear Communication Group sp. z o.o. z siedzib\u0105 w Warszawie, ul. Kazimierzowska 85 lok. 30, 02-518 Warszawa, wpisanej do rejestru S\u0105du Rejonowego dla m.st. Warszawy, XIII Wydzia\u0142 Gospodarczy pos\u0142uguj\u0105cej si\u0119 nr KRS 0000387724, pos\u0142uguj\u0105cej si\u0119 NIP 1132838189 i REGON 142961815, kt\u00f3ra jest administratorem danych. Administrator o\u015bwiadcza, \u017ce przetwarza dane osobowe U\u017cytkownik\u00f3w zgodnie z (RODO) Rozporz\u0105dzeniem Parlamentu Europejskiego i Rady (UE) 2016\/679 z dnia 27 kwietnia 2016 r. w sprawie ochrony os\u00f3b fizycznych w zwi\u0105zku z przetwarzaniem danych osobowych oraz o swobodnym przep\u0142ywie danych osobowych.<\/p>\n\n\n\n<h2 class=\"wp-block-heading\">Cookies<\/h2>\n\n\n\n<ol class=\"wp-block-list\">\n<li>Witryna www.clearcom.pl nie zbiera automatycznie i nie przetwarza \u017cadnych informacji dotycz\u0105cych os\u00f3b j\u0105 odwiedzaj\u0105cych, poza informacjami zawartymi w plikach cookies.<\/li>\n\n\n\n<li>Pliki cookies to dane przechowywane w urz\u0105dzeniu ko\u0144cowym odwiedzaj\u0105cego witryn\u0119 www. Cookies zazwyczaj zawieraj\u0105 nazw\u0119 strony internetowej, z kt\u00f3rej pochodz\u0105, czas przechowywania ich na urz\u0105dzeniu ko\u0144cowym oraz unikalny numer.<\/li>\n\n\n\n<li>Sp\u00f3\u0142ka Clear&nbsp;Communication&nbsp;Group jest podmiotem zamieszczaj\u0105cym pliki cookies na urz\u0105dzeniu ko\u0144cowym osoby odwiedzaj\u0105cej witryn\u0119 www.clearcom.pl i ma do nich dost\u0119p.<\/li>\n\n\n\n<li>W ramach witryny www.clearcom.pl stosowane s\u0105 dwa rodzaje plik\u00f3w cookies:\n<ul class=\"wp-block-list\">\n<li>Cookies \u201esesyjne\u201d (session cookies) \u2013 czyli pliki tymczasowe przechowywane w urz\u0105dzeniu ko\u0144cowym odwiedzaj\u0105cego witryn\u0119 do czasu wylogowania, opuszczenia strony internetowej lub wy\u0142\u0105czenia oprogramowania (przegl\u0105darki internetowej).<\/li>\n\n\n\n<li>Cookies \u201esta\u0142e\u201d (persistent cookies) \u2013 czyli pliki przechowywane w urz\u0105dzeniu ko\u0144cowym odwiedzaj\u0105cego witryn\u0119 przez czas okre\u015blony w parametrach plik\u00f3w cookies lub do czasu ich usuni\u0119cia przez odwiedzaj\u0105cego (np. poprzez wyczyszczenie historii przegl\u0105darki stron www).<\/li>\n<\/ul>\n<\/li>\n\n\n\n<li>Pliki cookies wykorzystywane s\u0105 w celach reklamowych, statystycznych i funkcjonalnych, w szczeg\u00f3lno\u015bci w celu:\n<ul class=\"wp-block-list\">\n<li>dostosowania zawarto\u015bci witryny www.clearcom.pl do preferencji os\u00f3b odwiedzaj\u0105cych oraz optymalizacji korzystania ze stron internetowych;<\/li>\n\n\n\n<li>rozpoznania urz\u0105dzenia osoby odwiedzaj\u0105cej witryn\u0119 i odpowiedniego wy\u015bwietlenia strony w spos\u00f3b, kt\u00f3ry dostosowany jest do jego indywidualnych potrzeb;<\/li>\n\n\n\n<li>tworzenia statystyk, umo\u017cliwiaj\u0105cych w\u0142a\u015bcicielowi serwisu analiz\u0119 zachowa\u0107 os\u00f3b odwiedzaj\u0105cych i na tej podstawie ulepszania strony www sp\u00f3\u0142ki;<\/li>\n<\/ul>\n<\/li>\n\n\n\n<li>Osoba odwiedzaj\u0105ca stron\u0119 www.clearcom.pl mo\u017ce zarz\u0105dza\u0107 ustawieniami plik\u00f3w cookies i w dowolnym momencie cofn\u0105\u0107 swoj\u0105 zgod\u0119 na ich przetwarzanie poprzez zmian\u0119 ustawie\u0144 przegl\u0105darki stron www.<\/li>\n\n\n\n<li>Wchodz\u0105c na witryn\u0119 www.clearcom.pl osoby j\u0105 odwiedzaj\u0105ce zgadzaj\u0105 si\u0119 na przetwarzanie danych w zakresie i spos\u00f3b opisany powy\u017cej i do wy\u017cej wymienionych cel\u00f3w.<\/li>\n<\/ol>\n\n\n\n<h2 class=\"wp-block-heading\">Dane osobowe<\/h2>\n\n\n\n<ol class=\"wp-block-list\">\n<li>Uprzejmie informujemy, \u017ce w przypadku przekazania przez Pa\u0144stwa jakichkolwiek danych osobowych poprzez dane kontaktowe wskazane na stronie www.clearcom.pl, w szczeg\u00f3lno\u015bci drog\u0105 mailow\u0105 na dowolny adres gdzie e-mail przyjmuje struktur\u0119 [\u2026]@clearcom.pl, lub w inny spos\u00f3b drog\u0105 elektroniczn\u0105 lub analogow\u0105, administratorem danych osobowych jest: Clear\u00a0Communication\u00a0Group sp. z o.o. z siedzib\u0105 w Warszawie, ul. Kazimierzowska 85 lok. 30, 02-518 Warszawa, wpisanej do rejestru S\u0105du Rejonowego dla m.st. Warszawy, XIII Wydzia\u0142 Gospodarczy pos\u0142uguj\u0105cej si\u0119 nr KRS 0000387724, pos\u0142uguj\u0105cej si\u0119 NIP 1132838189 i REGON 142961815.<\/li>\n\n\n\n<li>W opisanych wy\u017cej sytuacjach przyjmuje si\u0119, i\u017c dane zosta\u0142y uzyskane bezpo\u015brednio od U\u017cytkownika.<\/li>\n\n\n\n<li>Podstaw\u0105 prawn\u0105 przetwarzania danych osobowych jest art. 6 ust. 1 lit. f) Rozporz\u0105dzenia paramentu Europejskiego i Rady (UE) 2016\/679 w sprawie ochrony os\u00f3b fizycznych w zwi\u0105zku z przetwarzaniem danych osobowych i w sprawie swobodnego przep\u0142ywu takich danych oraz uchylenia dyrektywy 95\/46\/WE, jako, \u017ce jest ono \u201eniezb\u0119dne do cel\u00f3w wynikaj\u0105cych z prawnie uzasadnionych interes\u00f3w realizowanych przez administratora\u201d tzn. Clear\u00a0Communication\u00a0Group sp. z o.o. tj. m.in. prowadzenia korespondencji elektronicznej lub rozm\u00f3w telefonicznych w celach zwi\u0105zanych z wykonywaniem dzia\u0142alno\u015bci gospodarczej przez sp\u00f3\u0142k\u0119. Zapewniamy, \u017ce dane osobowe, w tym w szczeg\u00f3lno\u015bci adresy e-mail s\u0105 wykorzystywane jedynie do kontaktu w ramach rozwi\u0105zania przekazanych przez Pa\u0144stwa za po\u015brednictwem naszych kana\u0142\u00f3w kontaktowych wskazanych na stronie , w tym w szczeg\u00f3lno\u015bci adres\u00f3w e-mail w domenie @clearcom.pl pr\u00f3\u015bb lub wniosk\u00f3w lub w przypadku kontaktu z dziennikarzem lub blogerem w zwi\u0105zku z wykonywaniem przez Pa\u0144stwa tego zawodu do przekazywania materia\u0142\u00f3w informacyjnych (np. informacji prasowych) i zaprosze\u0144 na spotkania prasowe oraz kontakt\u00f3w telefonicznych w celu przekazania informacji i materia\u0142\u00f3w, kt\u00f3re mog\u0105 by\u0107 istotne dla danej osoby w kontek\u015bcie wykonywania zawodu dziennikarza lub blogera.<\/li>\n\n\n\n<li>Dane osobowe b\u0119d\u0105 przetwarzane w czasie prowadzenia dzia\u0142alno\u015bci gospodarczej przez Sp\u00f3\u0142k\u0119 lub do czasu wyra\u017cenia sprzeciwu przez osob\u0119, kt\u00f3rej dane osobowe dotycz\u0105.<\/li>\n\n\n\n<li>Dane osobowe s\u0105 nale\u017cycie chronione. Dane osobowe mog\u0105 by\u0107 zapisywane w tzw. chmurze (w zwi\u0105zku z tym mog\u0105 by\u0107 udost\u0119pniane profesjonalnym podmiotom zajmuj\u0105cym si\u0119 hostingiem danych, w tym danych osobowych)<\/li>\n\n\n\n<li>Uprzejmie informujemy o prawie wgl\u0105du do danych osobowych oraz do ich poprawiania, sprostowania, usuni\u0119cia, ograniczenia przetwarzania, o prawie do przenoszenia danych, prawie wniesienia sprzeciwu odno\u015bnie ich przetwarzania, wniesienia skargi do w\u0142a\u015bciwego organu nadzorczego, gdy przetwarzanie danych osobowych zostanie uznane za naruszaj\u0105ce bezwzgl\u0119dnie obowi\u0105zuj\u0105ce przepisy prawne.<\/li>\n\n\n\n<li>Prawa osoby udzielaj\u0105cej danych osobowych wymagaj\u0105ce kontaktu z administratorem danych osobowych (tj. Clear\u00a0Communication\u00a0Group sp. z o.o.) nale\u017cy realizowa\u0107 poprzez kontakt pod adresem e \u2013 mail:\u00a0clearcom[ma\u0142pa]clearcom.pl\u00a0lub poprzez kontakt na nr telefonu: (+48) 22\u00a0127 00 56 lub poczt\u0105 tradycyjn\u0105 na adres: Clear Communication Group sp. z o.o., ul. Kazimierzowska 85 lok. 30, 02-518 Warszawa.<\/li>\n<\/ol>\n","protected":false},"excerpt":{"rendered":"<p>Strona internetowa www.clearcom.pl nale\u017cy do sp\u00f3\u0142ki Clear Communication Group sp. z o.o. z siedzib\u0105 w Warszawie, ul. Kazimierzowska 85 lok. 30, 02-518 Warszawa, wpisanej do rejestru S\u0105du Rejonowego dla m.st. Warszawy, XIII Wydzia\u0142 Gospodarczy pos\u0142uguj\u0105cej si\u0119 nr KRS 0000387724, pos\u0142uguj\u0105cej si\u0119 NIP 1132838189 i REGON 142961815, kt\u00f3ra jest administratorem danych. Administrator o\u015bwiadcza, \u017ce przetwarza dane &hellip; <a href=\"https:\/\/clearcom.pl\/en\/privacy-policy-i-cookies\/\">Continued<\/a><\/p>\n","protected":false},"author":1,"featured_media":0,"parent":0,"menu_order":0,"comment_status":"closed","ping_status":"closed","template":"","meta":{"_acf_changed":false,"footnotes":""},"class_list":["post-218","page","type-page","status-publish","hentry"],"acf":[],"yoast_head":"<!-- This site is optimized with the Yoast SEO plugin v27.4 - https:\/\/yoast.com\/product\/yoast-seo-wordpress\/ -->\n<title>Privacy policy i Cookies - Clear Communication Group<\/title>\n<meta name=\"robots\" content=\"index, follow, max-snippet:-1, max-image-preview:large, max-video-preview:-1\" \/>\n<link rel=\"canonical\" href=\"https:\/\/clearcom.pl\/polityka-prywatnosci-i-cookies\/\" \/>\n<meta property=\"og:locale\" content=\"en_US\" \/>\n<meta property=\"og:type\" content=\"article\" \/>\n<meta property=\"og:title\" content=\"Privacy policy i Cookies - Clear Communication Group\" \/>\n<meta property=\"og:description\" content=\"Strona internetowa www.clearcom.pl nale\u017cy do sp\u00f3\u0142ki Clear Communication Group sp. z o.o. z siedzib\u0105 w Warszawie, ul. Kazimierzowska 85 lok. 30, 02-518 Warszawa, wpisanej do rejestru S\u0105du Rejonowego dla m.st. Warszawy, XIII Wydzia\u0142 Gospodarczy pos\u0142uguj\u0105cej si\u0119 nr KRS 0000387724, pos\u0142uguj\u0105cej si\u0119 NIP 1132838189 i REGON 142961815, kt\u00f3ra jest administratorem danych. Administrator o\u015bwiadcza, \u017ce przetwarza dane &hellip; Continued\" \/>\n<meta property=\"og:url\" content=\"https:\/\/clearcom.pl\/polityka-prywatnosci-i-cookies\/\" \/>\n<meta property=\"og:site_name\" content=\"Clear Communication Group\" \/>\n<meta property=\"article:modified_time\" content=\"2026-02-10T22:15:34+00:00\" \/>\n<meta name=\"twitter:card\" content=\"summary_large_image\" \/>\n<meta name=\"twitter:label1\" content=\"Est. reading time\" \/>\n\t<meta name=\"twitter:data1\" content=\"5 minutes\" \/>\n<script type=\"application\/ld+json\" class=\"yoast-schema-graph\">{\"@context\":\"https:\\\/\\\/schema.org\",\"@graph\":[{\"@type\":\"WebPage\",\"@id\":\"https:\\\/\\\/clearcom.pl\\\/polityka-prywatnosci-i-cookies\\\/\",\"url\":\"https:\\\/\\\/clearcom.pl\\\/polityka-prywatnosci-i-cookies\\\/\",\"name\":\"Privacy policy i Cookies - Clear Communication Group\",\"isPartOf\":{\"@id\":\"https:\\\/\\\/clearcom.pl\\\/#website\"},\"datePublished\":\"2026-01-29T10:21:00+00:00\",\"dateModified\":\"2026-02-10T22:15:34+00:00\",\"breadcrumb\":{\"@id\":\"https:\\\/\\\/clearcom.pl\\\/polityka-prywatnosci-i-cookies\\\/#breadcrumb\"},\"inLanguage\":\"en-US\",\"potentialAction\":[{\"@type\":\"ReadAction\",\"target\":[\"https:\\\/\\\/clearcom.pl\\\/polityka-prywatnosci-i-cookies\\\/\"]}]},{\"@type\":\"BreadcrumbList\",\"@id\":\"https:\\\/\\\/clearcom.pl\\\/polityka-prywatnosci-i-cookies\\\/#breadcrumb\",\"itemListElement\":[{\"@type\":\"ListItem\",\"position\":1,\"name\":\"Strona g\u0142\u00f3wna\",\"item\":\"https:\\\/\\\/clearcom.pl\\\/\"},{\"@type\":\"ListItem\",\"position\":2,\"name\":\"Privacy policy i&nbsp;Cookies\"}]},{\"@type\":\"WebSite\",\"@id\":\"https:\\\/\\\/clearcom.pl\\\/#website\",\"url\":\"https:\\\/\\\/clearcom.pl\\\/\",\"name\":\"Clear Communication Group\",\"description\":\"\",\"potentialAction\":[{\"@type\":\"SearchAction\",\"target\":{\"@type\":\"EntryPoint\",\"urlTemplate\":\"https:\\\/\\\/clearcom.pl\\\/?s={search_term_string}\"},\"query-input\":{\"@type\":\"PropertyValueSpecification\",\"valueRequired\":true,\"valueName\":\"search_term_string\"}}],\"inLanguage\":\"en-US\"}]}<\/script>\n<!-- \/ Yoast SEO plugin. -->","yoast_head_json":{"title":"Privacy policy i Cookies - Clear Communication Group","robots":{"index":"index","follow":"follow","max-snippet":"max-snippet:-1","max-image-preview":"max-image-preview:large","max-video-preview":"max-video-preview:-1"},"canonical":"https:\/\/clearcom.pl\/polityka-prywatnosci-i-cookies\/","og_locale":"en_US","og_type":"article","og_title":"Privacy policy i Cookies - Clear Communication Group","og_description":"Strona internetowa www.clearcom.pl nale\u017cy do sp\u00f3\u0142ki Clear Communication Group sp. z o.o. z siedzib\u0105 w Warszawie, ul. Kazimierzowska 85 lok. 30, 02-518 Warszawa, wpisanej do rejestru S\u0105du Rejonowego dla m.st. Warszawy, XIII Wydzia\u0142 Gospodarczy pos\u0142uguj\u0105cej si\u0119 nr KRS 0000387724, pos\u0142uguj\u0105cej si\u0119 NIP 1132838189 i REGON 142961815, kt\u00f3ra jest administratorem danych. Administrator o\u015bwiadcza, \u017ce przetwarza dane &hellip; Continued","og_url":"https:\/\/clearcom.pl\/polityka-prywatnosci-i-cookies\/","og_site_name":"Clear Communication Group","article_modified_time":"2026-02-10T22:15:34+00:00","twitter_card":"summary_large_image","twitter_misc":{"Est. reading time":"5 minutes"},"schema":{"@context":"https:\/\/schema.org","@graph":[{"@type":"WebPage","@id":"https:\/\/clearcom.pl\/polityka-prywatnosci-i-cookies\/","url":"https:\/\/clearcom.pl\/polityka-prywatnosci-i-cookies\/","name":"Privacy policy i Cookies - Clear Communication Group","isPartOf":{"@id":"https:\/\/clearcom.pl\/#website"},"datePublished":"2026-01-29T10:21:00+00:00","dateModified":"2026-02-10T22:15:34+00:00","breadcrumb":{"@id":"https:\/\/clearcom.pl\/polityka-prywatnosci-i-cookies\/#breadcrumb"},"inLanguage":"en-US","potentialAction":[{"@type":"ReadAction","target":["https:\/\/clearcom.pl\/polityka-prywatnosci-i-cookies\/"]}]},{"@type":"BreadcrumbList","@id":"https:\/\/clearcom.pl\/polityka-prywatnosci-i-cookies\/#breadcrumb","itemListElement":[{"@type":"ListItem","position":1,"name":"Strona g\u0142\u00f3wna","item":"https:\/\/clearcom.pl\/"},{"@type":"ListItem","position":2,"name":"Privacy policy i&nbsp;Cookies"}]},{"@type":"WebSite","@id":"https:\/\/clearcom.pl\/#website","url":"https:\/\/clearcom.pl\/","name":"Clear Communication Group","description":"","potentialAction":[{"@type":"SearchAction","target":{"@type":"EntryPoint","urlTemplate":"https:\/\/clearcom.pl\/?s={search_term_string}"},"query-input":{"@type":"PropertyValueSpecification","valueRequired":true,"valueName":"search_term_string"}}],"inLanguage":"en-US"}]}},"_links":{"self":[{"href":"https:\/\/clearcom.pl\/en\/wp-json\/wp\/v2\/pages\/218","targetHints":{"allow":["GET"]}}],"collection":[{"href":"https:\/\/clearcom.pl\/en\/wp-json\/wp\/v2\/pages"}],"about":[{"href":"https:\/\/clearcom.pl\/en\/wp-json\/wp\/v2\/types\/page"}],"author":[{"embeddable":true,"href":"https:\/\/clearcom.pl\/en\/wp-json\/wp\/v2\/users\/1"}],"replies":[{"embeddable":true,"href":"https:\/\/clearcom.pl\/en\/wp-json\/wp\/v2\/comments?post=218"}],"version-history":[{"count":1,"href":"https:\/\/clearcom.pl\/en\/wp-json\/wp\/v2\/pages\/218\/revisions"}],"predecessor-version":[{"id":219,"href":"https:\/\/clearcom.pl\/en\/wp-json\/wp\/v2\/pages\/218\/revisions\/219"}],"wp:attachment":[{"href":"https:\/\/clearcom.pl\/en\/wp-json\/wp\/v2\/media?parent=218"}],"curies":[{"name":"wp","href":"https:\/\/api.w.org\/{rel}","templated":true}]}}